{"id":559,"date":"2021-01-20T14:34:54","date_gmt":"2021-01-20T14:34:54","guid":{"rendered":"http:\/\/ijadvocada.com\/?page_id=559"},"modified":"2021-01-21T15:08:43","modified_gmt":"2021-01-21T15:08:43","slug":"politica-de-coo","status":"publish","type":"page","link":"https:\/\/ijadvocada.com\/es\/politica-de-coo\/","title":{"rendered":"Pol\u00edtica de Cookies"},"content":{"rendered":"<div data-elementor-type=\"wp-page\" data-elementor-id=\"559\" class=\"elementor elementor-559\">\n\t\t\t\t\t\t\t\t\t<section class=\"elementor-section elementor-top-section elementor-element elementor-element-68f24d2 elementor-section-boxed elementor-section-height-default elementor-section-height-default\" data-id=\"68f24d2\" data-element_type=\"section\">\n\t\t\t\t\t\t<div class=\"elementor-container elementor-column-gap-default\">\n\t\t\t\t\t<div class=\"elementor-column elementor-col-100 elementor-top-column elementor-element elementor-element-896b890\" data-id=\"896b890\" data-element_type=\"column\">\n\t\t\t<div class=\"elementor-widget-wrap elementor-element-populated\">\n\t\t\t\t\t\t\t\t<div class=\"elementor-element elementor-element-9875a2f elementor-widget elementor-widget-text-editor\" data-id=\"9875a2f\" data-element_type=\"widget\" data-widget_type=\"text-editor.default\">\n\t\t\t\t<div class=\"elementor-widget-container\">\n\t\t\t\t\t\t\t<p>Mediante esta Pol\u00edtica de Cookies, el usuario podr\u00e1 conocer con qu\u00e9 finalidades se utilizan las cookies, dispone tambi\u00e9n de la posibilidad de configurarlas para aceptar o rechazar de forma total o parcial su utilizaci\u00f3n y adem\u00e1s obtendr\u00e1 informaci\u00f3n adicional para conocer informaci\u00f3n completa sobre su significado, configuraci\u00f3n, finalidades y derechos.<\/p><p>Este Sitio web utiliza cookies propias y de terceras entidades, con el fin de brindar una experiencia de navegaci\u00f3n satisfactoria para el usuario, realizar m\u00e9tricas y estad\u00edsticas, as\u00ed como acciones de marketing. Si el usuario no est\u00e1 de acuerdo con alguna de las finalidades, puede personalizar las opciones desde esta pol\u00edtica.<\/p><p>El usuario, permite la utilizaci\u00f3n e instalaci\u00f3n de las cookies con las siguientes finalidades:<\/p><p>Adem\u00e1s, este sitio web puede disponer de enlaces a sitios web de terceros, pol\u00edticas de privacidad, pol\u00edticas de cookies y textos legales, son ajenos al titular del presente sitio web. Al aceptar este sitios web mediante los enlaces mencionados, el usuario es libre de decidir si acepta o rechaza los apartados mencionados.<\/p><p>Para acceder al panel de configuraci\u00f3n de cookies, donde el usuario podr\u00e1 aceptar o rechazar las cookies, de forma total o parcial, presione aqu\u00ed:<\/p><h2><strong>1. Definici\u00f3n y funci\u00f3n de las Cookies<\/strong><\/h2><p>Una cookie es un peque\u00f1o archivo creado por un lugar de Internet para almacenar informaci\u00f3n en su equipo, como, por ejemplo, las preferencias cuando se visita una web. Cuando se accede en una p\u00e1gina web que utiliza cookies, esta solicita al navegador que guarde una o m\u00e1s cookies en el disco llevar. Las cookies a menudo guardan la configuraci\u00f3n de los sitios web, como el idioma preferido o la ubicaci\u00f3n, as\u00ed, cuando el usuario vuelva a esta p\u00e1gina web, el navegador env\u00eda de nuevo las cookies que le pertenecen, lo cual permite prestar un servicio e informaci\u00f3n personalizada en funci\u00f3n de las necesidades. Las cookies tambi\u00e9n pueden llegar a guardar informaci\u00f3n que identifique personalmente a los usuarios, sin embargo, este sitio web no utiliza esta clase de cookies, y solo tendr\u00e1 acceso a la informaci\u00f3n personal que usted proporcione a trav\u00e9s de los formularios de contacto o v\u00eda corr\u00e9is electr\u00f3nico. Se puede cambiar la configuraci\u00f3n de cookies del navegador que usted utiliza, porque le permita aprobar o rechazar autom\u00e1ticamente peticiones de almacenamiento de cookies cuando se cierra el navegador y otras opciones adicionales.\n Neteja Copia el text<\/p><h2><strong>2. Tipo de Cookies<\/strong><\/h2><p>Las cookies se pueden clasificar de forma global atendiendo a tres bloques en funci\u00f3n del \u00e1mbito<\/p><p><strong>a) Tipo de cookies seg\u00fan la entidad que las gestione<\/strong><\/p><p>Segundo qui\u00e9n sea la entidad que gestiona el dominio del sitio web desde donde se env\u00edan las cookies y se tratan los datos que se obtienen, se tienen:<\/p><dl><dd>\u2013 Cookies propias: Aquellas que env\u00edan al dispositivo del usuario desde la misma p\u00e1gina web que visita.<\/dd><dd>\u2013 Cookies de terceros: Aquellas que se env\u00edan al dispositivo del usuario desde un dominio que no es gestionado por el titular del dominio que visita el usuario, sino por otra entidad que trata los datos obtenidos a trav\u00e9s de las cookies, como por ejemplo Google. Como que son estos terceros los que proceden a su implementaci\u00f3n, el bloqueo y desinstalaci\u00f3n de las mismas se gestiona por sus condiciones y mecanismos espec\u00edficos.<\/dd><\/dl><p><strong>b) Tipo de cookies seg\u00fan el tiempo que permanecen activas en el dispositivo:<\/strong><\/p><p>Atendido al tiempo en el cual las cookies permanecen alojadas y actividades en el dispositivo del usuario, se tienen:<\/p><dl><dd>\u2013 Cookies de sesi\u00f3n: Dise\u00f1adas para recaudar y almacenar datos mientras el usuario accede en una p\u00e1gina web. Estas cookies se almacena en su dispositivo que finalice la sesi\u00f3n de navegaci\u00f3n del usuario.<\/dd><dd>\u2013 Cookies persistentes: Dise\u00f1adas para permanecer activas en el dispositivo desde unos minutos, hasta varios a\u00f1os, y los datos almacenados en el dispositivo pudiendo ser accedidos y tratados durante un periodo definido por el responsable de la cookie.<\/dd><\/dl><p><strong>c) Tipo de cookies seg\u00fan su finalidad:<\/strong><\/p><p>En funci\u00f3n del objetivo por el cual un sitio web utiliza cookies, se tienen de forma gen\u00e9rica:<\/p><dl><dd>\u2013 Cookies t\u00e9cnicas: Permiten por ejemplo conocer si el usuario ya visit\u00f3 en el pasado el sitio web y acept\u00f3 o rechazar las cookies, identific\u00e1ndolo cuando se conecta de nuevo al sitio web.<\/dd><dd>\u2013 Cookies de preferencias: Permiten adaptar la presentaci\u00f3n del lugar a las preferencias del usuario, por ejemplo, seg\u00fan el idioma utilizado, la resoluci\u00f3n del dispositivo, navegador utilizado, etc. En definitiva, simplemente mejorar la experiencia del usuario.<\/dd><dd>\u2013 Cookies anal\u00edticas: Permiten, dependiendo de las preferencias del usuario establecer estad\u00edsticas y el volumen de visitas, tr\u00e1fico web, mediciones y de uso de los diferentes elementos que forman el sitio web, con el objetivo de mejorar el lugar y mejorar los servicios.<\/dd><dd>\u2013 Cookies de marketing y\/o publicitarias. Son aquellas que se utilizan de forma general para obtener un perfil de usuario para conocer sus preferencias y mostrar publicidad dirigida a la carta. Se puede crear un perfil sobre usted y sus intereses para mostrarle contenido personalizado que le fuera pertinente.<\/dd><\/dl><h2><strong>3. Revocaci\u00f3n y eliminaci\u00f3n de Cookies<\/strong><\/h2><p>A todos los efectos, en la navegaci\u00f3n por internet, el usuario puede aceptar o rechazar las cookies; para permitirlas, bloquearlas, eliminarlas o desactivarlas, mediante la configuraci\u00f3n a trav\u00e9s del men\u00fa de opciones de su navegador.<\/p><p>Para configurar el navegador, desactivar o administrar la instalaci\u00f3n de cookies, y que de este modo, se borren autom\u00e1ticamente una vez se cierre el navegador, equipo o dispositivo, puede obtener m\u00e1s informaci\u00f3n diente \u201cclick\u201d en los siguientes enlaces que le proporcionamos, en funci\u00f3n del navegador que usted utiliza:<\/p><dl><dd>&#8211;\u00a0<a href=\"https:\/\/support.google.com\/chrome\/answer\/95647?hl=es\">Google Chrome<\/a><\/dd><dd>&#8211;\u00a0<a href=\"https:\/\/support.mozilla.org\/es\/kb\/cookies-informacion-que-los-sitios-web-guardan-en-?redirectlocale=en-US&amp;redirectslug=Cookies\">Mozilla Firefox<\/a><\/dd><dd>&#8211;\u00a0<a href=\"https:\/\/support.microsoft.com\/es-es\/help\/4468242\/microsoft-edge-browsing-data-and-privacy\">Edge<\/a><\/dd><dd>&#8211;\u00a0<a href=\"https:\/\/support.microsoft.com\/es-es\/help\/17442\/windows-internet-explorer-delete-manage-cookies#ie=ie-11\">Internet Explorer (Versi\u00f3n 11)<\/a><\/dd><dd>&#8211;\u00a0<a href=\"https:\/\/support.microsoft.com\/es-es\/help\/17442\/windows-internet-explorer-delete-manage-cookies#ie=ie-10\">Internet Explorer (Versi\u00f3n 10)<\/a><\/dd><dd>&#8211;\u00a0<a href=\"https:\/\/help.opera.com\/en\/latest\/web-preferences\/\">Opera<\/a><\/dd><dd>&#8211;\u00a0<a href=\"https:\/\/www.apple.com\/legal\/privacy\/es\/cookies\/\">Safari<\/a><\/dd><\/dl><p>De forma general, la mayor\u00eda de los navegadores, permiten el acceso r\u00e1pido a la eliminaci\u00f3n de los datos de navegaci\u00f3n, pulsando la secuencia de teclas Ctrl+*Mayus+*Supr, pudi\u00e9ndose borrar las Cookies.<\/p><h2><strong>4. Actualizaci\u00f3n y modificaciones en la Pol\u00edtica de Cookies<\/strong><\/h2><p>Esta Pol\u00edtica de Cookies y Configuraci\u00f3n, podr\u00e1n ser modificados en funci\u00f3n de cambios legislativos o con el fin de adaptar esta pol\u00edtica a nuevas necesidades del sitio web o a nuevas instrucciones dictadas desde la Agencia Espa\u00f1ola de Protecci\u00f3n de Datos (A.E.P.D).<\/p><p>\u00daltima actualizaci\u00f3n: 1 de octubre de 2020<\/p>\t\t\t\t\t\t<\/div>\n\t\t\t\t<\/div>\n\t\t\t\t\t<\/div>\n\t\t<\/div>\n\t\t\t\t\t\t\t<\/div>\n\t\t<\/section>\n\t\t\t\t\t\t\t<\/div>","protected":false},"excerpt":{"rendered":"<p>Mitjan\u00e7ant aquesta Pol\u00edtica de Cookies, l\u2019usuari podr\u00e0 con\u00e8ixer amb quines finalitats s\u2019utilitzen les cookies, disposa tamb\u00e9 de la possibilitat de configurar-les per [&hellip;]<\/p>","protected":false},"author":2,"featured_media":0,"parent":0,"menu_order":0,"comment_status":"closed","ping_status":"closed","template":"","meta":{"footnotes":""},"class_list":["post-559","page","type-page","status-publish","hentry"],"_links":{"self":[{"href":"https:\/\/ijadvocada.com\/es\/wp-json\/wp\/v2\/pages\/559","targetHints":{"allow":["GET"]}}],"collection":[{"href":"https:\/\/ijadvocada.com\/es\/wp-json\/wp\/v2\/pages"}],"about":[{"href":"https:\/\/ijadvocada.com\/es\/wp-json\/wp\/v2\/types\/page"}],"author":[{"embeddable":true,"href":"https:\/\/ijadvocada.com\/es\/wp-json\/wp\/v2\/users\/2"}],"replies":[{"embeddable":true,"href":"https:\/\/ijadvocada.com\/es\/wp-json\/wp\/v2\/comments?post=559"}],"version-history":[{"count":7,"href":"https:\/\/ijadvocada.com\/es\/wp-json\/wp\/v2\/pages\/559\/revisions"}],"predecessor-version":[{"id":573,"href":"https:\/\/ijadvocada.com\/es\/wp-json\/wp\/v2\/pages\/559\/revisions\/573"}],"wp:attachment":[{"href":"https:\/\/ijadvocada.com\/es\/wp-json\/wp\/v2\/media?parent=559"}],"curies":[{"name":"wp","href":"https:\/\/api.w.org\/{rel}","templated":true}]}}