{"id":559,"date":"2021-01-20T14:34:54","date_gmt":"2021-01-20T14:34:54","guid":{"rendered":"http:\/\/ijadvocada.com\/?page_id=559"},"modified":"2021-01-21T15:08:43","modified_gmt":"2021-01-21T15:08:43","slug":"politica-de-coo","status":"publish","type":"page","link":"https:\/\/ijadvocada.com\/ca\/politica-de-coo\/","title":{"rendered":"Pol\u00edtica de Cookies"},"content":{"rendered":"\t\t<div data-elementor-type=\"wp-page\" data-elementor-id=\"559\" class=\"elementor elementor-559\">\n\t\t\t\t\t\t\t\t\t<section class=\"elementor-section elementor-top-section elementor-element elementor-element-68f24d2 elementor-section-boxed elementor-section-height-default elementor-section-height-default\" data-id=\"68f24d2\" data-element_type=\"section\">\n\t\t\t\t\t\t<div class=\"elementor-container elementor-column-gap-default\">\n\t\t\t\t\t<div class=\"elementor-column elementor-col-100 elementor-top-column elementor-element elementor-element-896b890\" data-id=\"896b890\" data-element_type=\"column\">\n\t\t\t<div class=\"elementor-widget-wrap elementor-element-populated\">\n\t\t\t\t\t\t\t\t<div class=\"elementor-element elementor-element-9875a2f elementor-widget elementor-widget-text-editor\" data-id=\"9875a2f\" data-element_type=\"widget\" data-widget_type=\"text-editor.default\">\n\t\t\t\t<div class=\"elementor-widget-container\">\n\t\t\t\t\t\t\t<p>Mitjan\u00e7ant aquesta Pol\u00edtica de Cookies, l\u2019usuari podr\u00e0 con\u00e8ixer amb quines finalitats s\u2019utilitzen les cookies, disposa tamb\u00e9 de la possibilitat de configurar-les per acceptar o rebutjar de forma total o parcial la seva utilitzaci\u00f3 i a m\u00e9s obtindr\u00e0 informaci\u00f3 addicional per con\u00e8ixer informaci\u00f3 completa sobre el seu significat, configuraci\u00f3, finalitats i drets.<\/p><p>Aquest Lloc Web utilitza cookies pr\u00f2pies i de terceres entitats, amb la finalitat de brindar una experi\u00e8ncia de navegaci\u00f3 satisfact\u00f2ria per a l\u2019usuari, realitzar m\u00e8triques i estad\u00edstiques, aix\u00ed com accions de m\u00e0rqueting. Si l\u2019usuari no est\u00e0 d\u2019acord amb alguna de les finalitats, pot personalitzar les opcions des d\u2019aquesta pol\u00edtica.<\/p><p>L\u2019usuari, permet la utilitzaci\u00f3 i instal\u00b7laci\u00f3 de les cookies amb les seg\u00fcents finalitats:<\/p><p>A m\u00e9s, aquest lloc web pot disposar d\u2019enlla\u00e7os a llocs web de tercers, pol\u00edtiques de privacitat, pol\u00edtiques de cookies i textos legals, s\u00f3n aliens al titular del present lloc web. En acceptar aquest llocs web mitjan\u00e7ant els enlla\u00e7os esmentats, l\u2019usuari \u00e9s lliure de decidir si accepta o rebutja els apartats esmentats.<\/p><p>Per accedir al panel de configuraci\u00f3 de cookies, on l\u2019usuari podr\u00e0 acceptar o rebutjar les cookies, de forma total o parcial, premi aqu\u00ed:<\/p><h2><strong>1. Definici\u00f3 i funci\u00f3 de les Cookies<\/strong><\/h2><p>Una cookie \u00e9s un petit arxiu creat per un lloc d\u2019Internet per emmagatzemar informaci\u00f3 en el seu equip, com, per exemple, les prefer\u00e8ncies quan es visita una web. Quan s\u2019accedeix a una p\u00e0gina web que utilitza cookies, aquesta sol\u00b7licita al navegador que guardi una o m\u00e9s cookies en el disc dur. Les cookies sovint guarden la configuraci\u00f3 dels llocs web, com l\u2019idioma preferit o la ubicaci\u00f3, aix\u00ed, quan l\u2019usuari torni a aquesta p\u00e0gina web, el navegador envia de nou les cookies que li pertanyen, la qual cosa permet prestar un servei i informaci\u00f3 personalitzada en funci\u00f3 de les necessitats. Les cookies tamb\u00e9 poden arribar a guardar informaci\u00f3 que identifiqui personalment als usuaris, no obstant aix\u00f2, aquest lloc web no utilitza aquesta classe de cookies, i nom\u00e9s tindr\u00e0 acc\u00e9s a la informaci\u00f3 personal que vost\u00e8 proporcioni a trav\u00e9s dels formularis de contacte o via correu electr\u00f2nic. Es pot canviar la configuraci\u00f3 de cookies del navegador que vost\u00e8 utilitza, perqu\u00e8 li permeti aprovar o rebutjar autom\u00e0ticament peticions d\u2019emmagatzematge de cookies quan es tanca el navegador i altres opcions addicionals.<\/p><h2><strong>2. Tipus de Cookies<\/strong><\/h2><p>Les cookies es poden classificar de forma global atenent a tres blocs en funci\u00f3 de l\u2019\u00e0mbit d\u2019estudi:<\/p><p><strong>a) Tipus de cookies segons l\u2019entitat que les gestioni<\/strong><\/p><p>Segon qui sigui l\u2019entitat que gestiona el domini del lloc web des d\u2019on s\u2019envien les cookies i es tracten les dades que s\u2019obtenen, es tenen:<\/p><dl><dd>&#8211; Cookies pr\u00f2pies: Aquelles que envien al dispositiu de l\u2019usuari des de la mateixa p\u00e0gina web que visita.<\/dd><dd>&#8211; Cookies de tercers: Aquelles que s\u2019envien al dispositiu de l\u2019usuari des d\u2019un domini que no \u00e9s gestionat pel titular del domini que visita l\u2019usuari, sin\u00f3 per una altra entitat que tracta les dades obtingudes a trav\u00e9s de les cookies, com per exemple Google. Com que s\u00f3n aquests tercers els que procedeixen a la seva implementaci\u00f3, el bloqueig i desinstal\u00b7laci\u00f3 de les mateixes es gestiona per les seves condicions i mecanismes espec\u00edfics.<\/dd><\/dl><p><strong>b) Tipus de cookies segons el temps que romanen actives en el dispositiu:<\/strong><\/p><p>At\u00e8s al temps en el qual les cookies romanen allotjades i activitats en el dispositiu de l\u2019usuari, es tenen:<\/p><dl><dd>&#8211; Cookies de sessi\u00f3: Dissenyades per recaptar i emmagatzemar dades mentre l\u2019usuari accedeix a una p\u00e0gina web. Aquestes cookies s\u2019emmagatzema en el seu dispositiu que finalitzi la sessi\u00f3 de navegaci\u00f3 de l\u2019usuari.<\/dd><dd>&#8211; Cookies persistents: Dissenyades per a romandre actives en el dispositiu des d\u2019uns minuts, fins a diversos anys, i les dades emmagatzemades en el dispositiu podent ser accedits i tractats durant un per\u00edode definit pel responsable de la cookie.<\/dd><\/dl><p><strong>c) Tipus de cookies segons la seva finalitat:<\/strong><\/p><p>En funci\u00f3 de l\u2019objectiu pel qual un lloc web utilitza cookies, es tenen de forma gen\u00e8rica:<\/p><dl><dd>&#8211; Cookies t\u00e8cniques: Permeten per exemple con\u00e8ixer si l\u2019usuari ja va visitar en el passat el lloc web i va acceptar o rebutjar les cookies, identificant-lo quan es connecta de nou al lloc web.<\/dd><dd>&#8211; Cookies de prefer\u00e8ncies: Permeten adaptar la presentaci\u00f3 del lloc a les prefer\u00e8ncies de l\u2019usuari, per exemple, segons l\u2019idioma utilitzat, la resoluci\u00f3 del dispositiu, navegador utilitzat, etc. En definitiva, simplement millorar l\u2019experi\u00e8ncia de l\u2019usuari.<\/dd><dd>&#8211; Cookies anal\u00edtiques: Permeten, depenent de les prefer\u00e8ncies de l\u2019usuari establir estad\u00edstiques i el volum de visites, tr\u00e0fic web, mesuraments i d\u2019\u00fas dels diferents elements que formen el lloc web, amb l\u2019objectiu de millorar el lloc i millorar els serveis.<\/dd><dd>&#8211; Cookies de m\u00e0rqueting i\/o publicit\u00e0ries. S\u00f3n aquelles que s\u2019utilitzen de forma general per obtenir un perfil d\u2019usuari per con\u00e8ixer les seves prefer\u00e8ncies i mostrar publicitat dirigida a la carta. Es pot crear un perfil sobre vost\u00e8 i els seus interessos per mostrar-li contingut personalitzat que li fos pertinent.<\/dd><\/dl><h2><strong>3. Revocaci\u00f3 i eliminaci\u00f3 de Cookies<\/strong><\/h2><p>Amb car\u00e0cter general, en la navegaci\u00f3 per internet, l\u2019usuari pot acceptar o rebutjar les cookies; per permetre-les, bloquejar-les, eliminar-les o desactivar-les, mitjan\u00e7ant la configuraci\u00f3 a trav\u00e9s del men\u00fa d\u2019opcions del seu navegador.<\/p><p>Per configurar el navegador, desactivar o administrar la instal\u00b7laci\u00f3 de cookies, i que d\u2019aquesta manera, s\u2019esborrin autom\u00e0ticament una vegada es tanqui el navegador, equip o dispositiu, pot obtenir m\u00e9s informaci\u00f3 dent \u201cclick\u201d en els seg\u00fcents enlla\u00e7os que li proporcionem, en funci\u00f3 del navegador que vost\u00e8 utilitza:<\/p><dl><dd>&#8211;\u00a0<a href=\"https:\/\/support.google.com\/chrome\/answer\/95647?hl=es\">Google Chrome<\/a><\/dd><dd>&#8211;\u00a0<a href=\"https:\/\/support.mozilla.org\/es\/kb\/cookies-informacion-que-los-sitios-web-guardan-en-?redirectlocale=en-US&amp;redirectslug=Cookies\">Mozilla Firefox<\/a><\/dd><dd>&#8211;\u00a0<a href=\"https:\/\/support.microsoft.com\/es-es\/help\/4468242\/microsoft-edge-browsing-data-and-privacy\">Edge<\/a><\/dd><dd>&#8211;\u00a0<a href=\"https:\/\/support.microsoft.com\/es-es\/help\/17442\/windows-internet-explorer-delete-manage-cookies#ie=ie-11\">Internet Explorer (Versi\u00f3n 11)<\/a><\/dd><dd>&#8211;\u00a0<a href=\"https:\/\/support.microsoft.com\/es-es\/help\/17442\/windows-internet-explorer-delete-manage-cookies#ie=ie-10\">Internet Explorer (Versi\u00f3n 10)<\/a><\/dd><dd>&#8211;\u00a0<a href=\"https:\/\/help.opera.com\/en\/latest\/web-preferences\/\">Opera<\/a><\/dd><dd>&#8211;\u00a0<a href=\"https:\/\/www.apple.com\/legal\/privacy\/es\/cookies\/\">Safari<\/a><\/dd><\/dl><p>De forma general, la majoria dels navegadors, permeten l\u2019acc\u00e9s r\u00e0pid a l\u2019eliminaci\u00f3 de les dades de navegaci\u00f3, polsant la seq\u00fc\u00e8ncia de tecles Ctrl+Mayus+Supr, podent-se esborrar les Cookies.<\/p><h2><strong>4. Actualitzaci\u00f3 i modificacions en la Pol\u00edtica de Cookies<\/strong><\/h2><p>Aquesta Pol\u00edtica de Cookies i Configuraci\u00f3, podran ser modificats en funci\u00f3 de canvis legislatius o amb la finalitat d\u2019adaptar aquesta pol\u00edtica a noves necessitats del lloc web o a noves instruccions dictades des de l\u2019Ag\u00e8ncia Espanyola de Protecci\u00f3 de Dades (A.E.P.D).<\/p><p>\u00daltima actualitzaci\u00f3: 1 de octubre de 2020<\/p>\t\t\t\t\t\t<\/div>\n\t\t\t\t<\/div>\n\t\t\t\t\t<\/div>\n\t\t<\/div>\n\t\t\t\t\t\t\t<\/div>\n\t\t<\/section>\n\t\t\t\t\t\t\t<\/div>\n\t\t","protected":false},"excerpt":{"rendered":"<p>Mitjan\u00e7ant aquesta Pol\u00edtica de Cookies, l\u2019usuari podr\u00e0 con\u00e8ixer amb quines finalitats s\u2019utilitzen les cookies, disposa tamb\u00e9 de la possibilitat de configurar-les per [&hellip;]<\/p>\n","protected":false},"author":2,"featured_media":0,"parent":0,"menu_order":0,"comment_status":"closed","ping_status":"closed","template":"","meta":{"footnotes":""},"class_list":["post-559","page","type-page","status-publish","hentry"],"_links":{"self":[{"href":"https:\/\/ijadvocada.com\/ca\/wp-json\/wp\/v2\/pages\/559","targetHints":{"allow":["GET"]}}],"collection":[{"href":"https:\/\/ijadvocada.com\/ca\/wp-json\/wp\/v2\/pages"}],"about":[{"href":"https:\/\/ijadvocada.com\/ca\/wp-json\/wp\/v2\/types\/page"}],"author":[{"embeddable":true,"href":"https:\/\/ijadvocada.com\/ca\/wp-json\/wp\/v2\/users\/2"}],"replies":[{"embeddable":true,"href":"https:\/\/ijadvocada.com\/ca\/wp-json\/wp\/v2\/comments?post=559"}],"version-history":[{"count":7,"href":"https:\/\/ijadvocada.com\/ca\/wp-json\/wp\/v2\/pages\/559\/revisions"}],"predecessor-version":[{"id":573,"href":"https:\/\/ijadvocada.com\/ca\/wp-json\/wp\/v2\/pages\/559\/revisions\/573"}],"wp:attachment":[{"href":"https:\/\/ijadvocada.com\/ca\/wp-json\/wp\/v2\/media?parent=559"}],"curies":[{"name":"wp","href":"https:\/\/api.w.org\/{rel}","templated":true}]}}