{"id":46,"date":"2021-01-14T10:50:21","date_gmt":"2021-01-14T10:50:21","guid":{"rendered":"http:\/\/ijadvocada.com\/?page_id=46"},"modified":"2021-01-19T16:29:36","modified_gmt":"2021-01-19T16:29:36","slug":"serveis","status":"publish","type":"page","link":"https:\/\/ijadvocada.com\/ca\/serveis\/","title":{"rendered":"Serveis"},"content":{"rendered":"\t\t<div data-elementor-type=\"wp-page\" data-elementor-id=\"46\" class=\"elementor elementor-46\">\n\t\t\t\t\t\t\t\t\t<section class=\"elementor-section elementor-top-section elementor-element elementor-element-033b165 elementor-section-boxed elementor-section-height-default elementor-section-height-default\" data-id=\"033b165\" data-element_type=\"section\">\n\t\t\t\t\t\t<div class=\"elementor-container elementor-column-gap-default\">\n\t\t\t\t\t<div class=\"elementor-column elementor-col-100 elementor-top-column elementor-element elementor-element-85532e5\" data-id=\"85532e5\" data-element_type=\"column\">\n\t\t\t<div class=\"elementor-widget-wrap elementor-element-populated\">\n\t\t\t\t\t\t\t\t<div class=\"elementor-element elementor-element-1b684d3 elementor-widget elementor-widget-heading\" data-id=\"1b684d3\" data-element_type=\"widget\" data-widget_type=\"heading.default\">\n\t\t\t\t<div class=\"elementor-widget-container\">\n\t\t\t<h2 class=\"elementor-heading-title elementor-size-default\">SERVEIS JUR\u00cdDICS<\/h2>\t\t<\/div>\n\t\t\t\t<\/div>\n\t\t\t\t\t<\/div>\n\t\t<\/div>\n\t\t\t\t\t\t\t<\/div>\n\t\t<\/section>\n\t\t\t\t<section class=\"elementor-section elementor-top-section elementor-element elementor-element-f332fca elementor-section-boxed elementor-section-height-default elementor-section-height-default\" data-id=\"f332fca\" data-element_type=\"section\">\n\t\t\t\t\t\t<div class=\"elementor-container elementor-column-gap-default\">\n\t\t\t\t\t<div class=\"elementor-column elementor-col-50 elementor-top-column elementor-element elementor-element-d6e13d7\" data-id=\"d6e13d7\" data-element_type=\"column\">\n\t\t\t<div class=\"elementor-widget-wrap elementor-element-populated\">\n\t\t\t\t\t\t\t\t<div class=\"elementor-element elementor-element-ad00def bdt-icon-type-image elementor-position-top bdt-icon-effect-none elementor-widget elementor-widget-bdt-advanced-icon-box\" data-id=\"ad00def\" data-element_type=\"widget\" data-widget_type=\"bdt-advanced-icon-box.default\">\n\t\t\t\t<div class=\"elementor-widget-container\">\n\t\t\t\t\t<div class=\"bdt-advanced-icon-box\">\n\n\t\t\t\t\t\t\t\n\t\t\t\t\t\t\t<div class=\"bdt-advanced-icon-box-icon\">\n\t\t\t\t\t<span class=\"bdt-icon-wrapper\">\n\n\n\t\t\t\t\t\t\t\t\t\t\t\t\t<img decoding=\"async\" src=\"https:\/\/ijadvocada.com\/\/wp-content\/uploads\/2021\/01\/law_106379-e1610709566875.png\" alt=\"DRET CIVIL\">\n\t\t\t\t\t\t\t\t\t\t\t<\/span>\n\t\t\t\t<\/div>\n\t\t\t\n\t\t\t\t\t\t\t\t\n\t\t\t<div class=\"bdt-advanced-icon-box-content\">\n\t\t\t\t\n\t\t\t\t\t\t\t\t\t\n\t\t\t\t<h3 class=\"bdt-advanced-icon-box-title\">\n\t\t\t\t<span >\n\t\t\t\t\tDRET CIVIL\t\t\t\t<\/span>\n\t\t\t<\/h3>\n\t\t\n\n\t\t\n\t\t\t\t\t\t\n\t\t\t\t\t\t\t\t\n\t\t\t\t\t\t\t\t\t<div class=\"bdt-title-separator-wrapper\">\n\t\t\t\t\t\t<div class=\"bdt-title-separator\"><\/div>\n\t\t\t\t\t<\/div>\n\t\t\t\t\n\t\t\t\t\n\t\t\t\t\t\t\t\t\t<div class=\"bdt-advanced-icon-box-description\">\n\t\t\t\t\t\t<p style=\"text-align: left;\"><span style=\"font-weight: 400;\">ASSESSORAMENT EN GENERAL<\/span><\/p><p style=\"text-align: left;\"><span style=\"font-weight: 400;\">PROCEDIMENTS JUDICIALS I RECLAMACIONS EXTRAJUDICIALS:\u00a0<\/span><\/p><ul><li style=\"text-align: left;\"><span style=\"font-weight: 400;\">Indemnitzacions\u00a0<\/span><\/li><li style=\"text-align: left;\"><span style=\"font-weight: 400;\">Judicis monitoris\u00a0<\/span><\/li><li style=\"text-align: left;\"><span style=\"font-weight: 400;\">Judicis verbals<\/span><\/li><li style=\"text-align: left;\"><span style=\"font-weight: 400;\">Judicis ordinaris<\/span><\/li><li style=\"text-align: left;\"><span style=\"font-weight: 400;\">Judicis especials\u00a0<\/span><\/li><li style=\"text-align: left;\"><span style=\"font-weight: 400;\">Judicis hipotecaris<\/span><\/li><li style=\"text-align: left;\"><span style=\"font-weight: 400;\">Judicis\u00a0 executius<\/span><\/li><li style=\"text-align: left;\"><span style=\"font-weight: 400;\">Reclamaci\u00f3 accidents de tr\u00e0nsit<\/span><\/li><li style=\"text-align: left;\"><span style=\"font-weight: 400;\">Reclamaci\u00f3 deutes<\/span><\/li><li style=\"text-align: left;\"><span style=\"font-weight: 400;\">Reclamaci\u00f3 contra entitats banc\u00e0ries.<\/span><\/li><\/ul><p style=\"text-align: left;\"><span style=\"font-weight: 400;\">PERSONA I FAM\u00cdLIA:<\/span><\/p><ul><li style=\"text-align: left;\"><span style=\"font-weight: 400;\">Matrimoni: separaci\u00f3 i divorci.<\/span><\/li><li style=\"text-align: left;\"><span style=\"font-weight: 400;\">Parella de fet: guarda i cust\u00f2dia, r\u00e8gim de visites i pensi\u00f3 aliments fills.\u00a0<\/span><\/li><li style=\"text-align: left;\"><span style=\"font-weight: 400;\">Divisi\u00f3 de la cosa comuna<\/span><\/li><li style=\"text-align: left;\"><span style=\"font-weight: 400;\">Mesures provisionals\u00a0<\/span><\/li><li style=\"text-align: left;\"><span style=\"font-weight: 400;\">Modificaci\u00f3 mesures\u00a0 (pensi\u00f3 aliments, guarda i cust\u00f2dia, etc.) Sent\u00e8ncia.\u00a0<\/span><\/li><li style=\"text-align: left;\"><span style=\"font-weight: 400;\">Execuci\u00f3 Sent\u00e8ncia (per incompliment).\u00a0<\/span><\/li><li style=\"text-align: left;\"><span style=\"font-weight: 400;\">Adopci\u00f3<\/span><\/li><li style=\"text-align: left;\"><span style=\"font-weight: 400;\">Filiaci\u00f3\u00a0<\/span><\/li><li style=\"text-align: left;\"><span style=\"font-weight: 400;\">Oposici\u00f3 mesures protecci\u00f3 menors<\/span><\/li><li style=\"text-align: left;\"><span style=\"font-weight: 400;\">Incapacitaci\u00f3 judicial<\/span><\/li><li style=\"text-align: left;\"><span style=\"font-weight: 400;\">Autoritzaci\u00f3 judicial\u00a0<\/span><\/li><\/ul><p style=\"text-align: left;\"><span style=\"font-weight: 400;\">SUCCESSIONS I DONACIONS:<\/span><\/p><ul><li style=\"text-align: left;\"><span style=\"font-weight: 400;\">Her\u00e8ncies\u00a0<\/span><\/li><li style=\"text-align: left;\"><span style=\"font-weight: 400;\">Donacions<\/span><\/li><li style=\"text-align: left;\"><span style=\"font-weight: 400;\">Testaments\u00a0<\/span><\/li><li style=\"text-align: left;\"><span style=\"font-weight: 400;\">Reclamaci\u00f3 lleg\u00edtimes i llegats<\/span><\/li><\/ul><p style=\"text-align: left;\"><span style=\"font-weight: 400;\">IMMOBILIARI:<\/span><\/p><ul><li style=\"text-align: left;\"><span style=\"font-weight: 400;\">Contractes de compravenda\u00a0<\/span><\/li><li style=\"text-align: left;\"><span style=\"font-weight: 400;\">Contractes d\u2019arres<\/span><\/li><li style=\"text-align: left;\"><span style=\"font-weight: 400;\">Contractes d\u2019arrendament<\/span><\/li><li style=\"text-align: left;\"><span style=\"font-weight: 400;\">Contractes d\u2019opci\u00f3 de compra<\/span><\/li><li style=\"text-align: left;\"><span style=\"font-weight: 400;\">Incompliments contractuals<\/span><\/li><li style=\"text-align: left;\"><span style=\"font-weight: 400;\">Comunitats de propietaris<\/span><\/li><li style=\"text-align: left;\"><span style=\"font-weight: 400;\">Desnonaments\u00a0<\/span><\/li><\/ul>\t\t\t\t\t<\/div>\n\t\t\t\t\n\t\t\t\t\t\t\t\t\t<a class=\"bdt-advanced-icon-box-readmore bdt-display-inline-block\" href=\"#\">\n\t\t\t\t\t\t\t\t\t\t\t\t\n\t\t\t\t\t\t\t\t\t\t\t<\/a>\n\t\t\t\t\t\t\t<\/div>\n\t\t<\/div>\n\n\t\t\n\t\t\n\t\t\t\t<\/div>\n\t\t\t\t<\/div>\n\t\t\t\t\t<\/div>\n\t\t<\/div>\n\t\t\t\t<div class=\"elementor-column elementor-col-50 elementor-top-column elementor-element elementor-element-0883932\" data-id=\"0883932\" data-element_type=\"column\">\n\t\t\t<div class=\"elementor-widget-wrap elementor-element-populated\">\n\t\t\t\t\t\t\t\t<div class=\"elementor-element elementor-element-3ec01b4 bdt-icon-type-image elementor-position-top bdt-icon-effect-none elementor-widget elementor-widget-bdt-advanced-icon-box\" data-id=\"3ec01b4\" data-element_type=\"widget\" data-widget_type=\"bdt-advanced-icon-box.default\">\n\t\t\t\t<div class=\"elementor-widget-container\">\n\t\t\t\t\t<div class=\"bdt-advanced-icon-box\">\n\n\t\t\t\t\t\t\t\n\t\t\t\t\t\t\t<div class=\"bdt-advanced-icon-box-icon\">\n\t\t\t\t\t<span class=\"bdt-icon-wrapper\">\n\n\n\t\t\t\t\t\t\t\t\t\t\t\t\t<img decoding=\"async\" src=\"https:\/\/ijadvocada.com\/\/wp-content\/uploads\/2021\/01\/bank_78916-e1610651785299.png\" alt=\"DRET ADMINISTRATIU\">\n\t\t\t\t\t\t\t\t\t\t\t<\/span>\n\t\t\t\t<\/div>\n\t\t\t\n\t\t\t\t\t\t\t\t\n\t\t\t<div class=\"bdt-advanced-icon-box-content\">\n\t\t\t\t\n\t\t\t\t\t\t\t\t\t\n\t\t\t\t<h3 class=\"bdt-advanced-icon-box-title\">\n\t\t\t\t<span >\n\t\t\t\t\tDRET ADMINISTRATIU\t\t\t\t<\/span>\n\t\t\t<\/h3>\n\t\t\n\n\t\t\n\t\t\t\t\t\t\n\t\t\t\t\t\t\t\t\n\t\t\t\t\t\t\t\t\t<div class=\"bdt-title-separator-wrapper\">\n\t\t\t\t\t\t<div class=\"bdt-title-separator\"><\/div>\n\t\t\t\t\t<\/div>\n\t\t\t\t\n\t\t\t\t\n\t\t\t\t\t\t\t\t\t<div class=\"bdt-advanced-icon-box-description\">\n\t\t\t\t\t\t<ul><li style=\"text-align: left;\">Responsabilitat patrimonial de l\u2019Administraci\u00f3 P\u00fablica<\/li><li style=\"text-align: left;\">Sancions administratives \/ multes<\/li><li style=\"text-align: left;\">Recursos\u00a0<\/li><\/ul><p>\u200b<\/p>\t\t\t\t\t<\/div>\n\t\t\t\t\n\t\t\t\t\t\t\t\t\t<a class=\"bdt-advanced-icon-box-readmore bdt-display-inline-block\" href=\"#\">\n\t\t\t\t\t\t\t\t\t\t\t\t\n\t\t\t\t\t\t\t\t\t\t\t<\/a>\n\t\t\t\t\t\t\t<\/div>\n\t\t<\/div>\n\n\t\t\n\t\t\n\t\t\t\t<\/div>\n\t\t\t\t<\/div>\n\t\t\t\t<div class=\"elementor-element elementor-element-3036687 bdt-icon-type-image elementor-position-top bdt-icon-effect-none elementor-widget elementor-widget-bdt-advanced-icon-box\" data-id=\"3036687\" data-element_type=\"widget\" data-widget_type=\"bdt-advanced-icon-box.default\">\n\t\t\t\t<div class=\"elementor-widget-container\">\n\t\t\t\t\t<div class=\"bdt-advanced-icon-box\">\n\n\t\t\t\t\t\t\t\n\t\t\t\t\t\t\t<div class=\"bdt-advanced-icon-box-icon\">\n\t\t\t\t\t<span class=\"bdt-icon-wrapper\">\n\n\n\t\t\t\t\t\t\t\t\t\t\t\t\t<img decoding=\"async\" src=\"https:\/\/ijadvocada.com\/\/wp-content\/uploads\/2021\/01\/meetings_meeting_table_people_work_icon_144587-e1610651796989.png\" alt=\"DRET LABORAL I DE LA SEGURETAT SOCIAL\">\n\t\t\t\t\t\t\t\t\t\t\t<\/span>\n\t\t\t\t<\/div>\n\t\t\t\n\t\t\t\t\t\t\t\t\n\t\t\t<div class=\"bdt-advanced-icon-box-content\">\n\t\t\t\t\n\t\t\t\t\t\t\t\t\t\n\t\t\t\t<h3 class=\"bdt-advanced-icon-box-title\">\n\t\t\t\t<span >\n\t\t\t\t\tDRET LABORAL I DE LA SEGURETAT SOCIAL\t\t\t\t<\/span>\n\t\t\t<\/h3>\n\t\t\n\n\t\t\n\t\t\t\t\t\t\n\t\t\t\t\t\t\t\t\n\t\t\t\t\t\t\t\t\t<div class=\"bdt-title-separator-wrapper\">\n\t\t\t\t\t\t<div class=\"bdt-title-separator\"><\/div>\n\t\t\t\t\t<\/div>\n\t\t\t\t\n\t\t\t\t\n\t\t\t\t\t\t\t\t\t<div class=\"bdt-advanced-icon-box-description\">\n\t\t\t\t\t\t<ul><li style=\"text-align: left;\"><span style=\"font-weight: 400;\">Acomiadaments<\/span><\/li><li style=\"text-align: left;\"><span style=\"font-weight: 400;\">Reclamacions<\/span><\/li><li style=\"text-align: left;\"><span style=\"font-weight: 400;\">Sancions disciplin\u00e0ries<\/span><\/li><li style=\"text-align: left;\"><span style=\"font-weight: 400;\">Assetjament i mobbing<\/span><\/li><li style=\"text-align: left;\"><span style=\"font-weight: 400;\">Accidents de treball i malalties professionals<\/span><\/li><li style=\"text-align: left;\"><span style=\"font-weight: 400;\">Incapacitat temporal\u00a0<\/span><\/li><li style=\"text-align: left;\"><span style=\"font-weight: 400;\">Invalideses<\/span><\/li><li style=\"text-align: left;\"><span style=\"font-weight: 400;\">Jubilacions<\/span><\/li><li style=\"text-align: left;\"><span style=\"font-weight: 400;\">Vidu\u00eftat\u00a0<\/span><\/li><li style=\"text-align: left;\"><span style=\"font-weight: 400;\">Orfandat<\/span><\/li><\/ul>\t\t\t\t\t<\/div>\n\t\t\t\t\n\t\t\t\t\t\t\t\t\t<a class=\"bdt-advanced-icon-box-readmore bdt-display-inline-block\" href=\"#\">\n\t\t\t\t\t\t\t\t\t\t\t\t\n\t\t\t\t\t\t\t\t\t\t\t<\/a>\n\t\t\t\t\t\t\t<\/div>\n\t\t<\/div>\n\n\t\t\n\t\t\n\t\t\t\t<\/div>\n\t\t\t\t<\/div>\n\t\t\t\t<div class=\"elementor-element elementor-element-0513ad5 bdt-icon-type-image elementor-position-top bdt-icon-effect-none elementor-widget elementor-widget-bdt-advanced-icon-box\" data-id=\"0513ad5\" data-element_type=\"widget\" data-widget_type=\"bdt-advanced-icon-box.default\">\n\t\t\t\t<div class=\"elementor-widget-container\">\n\t\t\t\t\t<div class=\"bdt-advanced-icon-box\">\n\n\t\t\t\t\t\t\t\n\t\t\t\t\t\t\t<div class=\"bdt-advanced-icon-box-icon\">\n\t\t\t\t\t<span class=\"bdt-icon-wrapper\">\n\n\n\t\t\t\t\t\t\t\t\t\t\t\t\t<img decoding=\"async\" src=\"https:\/\/ijadvocada.com\/\/wp-content\/uploads\/2021\/01\/law_3709-e1610651820847.png\" alt=\"DRET PENAL\">\n\t\t\t\t\t\t\t\t\t\t\t<\/span>\n\t\t\t\t<\/div>\n\t\t\t\n\t\t\t\t\t\t\t\t\n\t\t\t<div class=\"bdt-advanced-icon-box-content\">\n\t\t\t\t\n\t\t\t\t\t\t\t\t\t\n\t\t\t\t<h3 class=\"bdt-advanced-icon-box-title\">\n\t\t\t\t<span >\n\t\t\t\t\tDRET PENAL\t\t\t\t<\/span>\n\t\t\t<\/h3>\n\t\t\n\n\t\t\n\t\t\t\t\t\t\n\t\t\t\t\t\t\t\t\n\t\t\t\t\t\t\t\t\t<div class=\"bdt-title-separator-wrapper\">\n\t\t\t\t\t\t<div class=\"bdt-title-separator\"><\/div>\n\t\t\t\t\t<\/div>\n\t\t\t\t\n\t\t\t\t\n\t\t\t\t\t\t\t\t\t<div class=\"bdt-advanced-icon-box-description\">\n\t\t\t\t\t\t<p>Assessorament i direcci\u00f3 lletrada en\u00a0tota classe\u00a0de dilig\u00e8ncies policials i procediments judicials.<\/p>\t\t\t\t\t<\/div>\n\t\t\t\t\n\t\t\t\t\t\t\t\t\t<a class=\"bdt-advanced-icon-box-readmore bdt-display-inline-block\" href=\"#\">\n\t\t\t\t\t\t\t\t\t\t\t\t\n\t\t\t\t\t\t\t\t\t\t\t<\/a>\n\t\t\t\t\t\t\t<\/div>\n\t\t<\/div>\n\n\t\t\n\t\t\n\t\t\t\t<\/div>\n\t\t\t\t<\/div>\n\t\t\t\t<div class=\"elementor-element elementor-element-ef63f69 bdt-icon-type-image elementor-position-top bdt-icon-effect-none elementor-widget elementor-widget-bdt-advanced-icon-box\" data-id=\"ef63f69\" data-element_type=\"widget\" data-widget_type=\"bdt-advanced-icon-box.default\">\n\t\t\t\t<div class=\"elementor-widget-container\">\n\t\t\t\t\t<div class=\"bdt-advanced-icon-box\">\n\n\t\t\t\t\t\t\t\n\t\t\t\t\t\t\t<div class=\"bdt-advanced-icon-box-icon\">\n\t\t\t\t\t<span class=\"bdt-icon-wrapper\">\n\n\n\t\t\t\t\t\t\t\t\t\t\t\t\t<img decoding=\"async\" src=\"https:\/\/ijadvocada.com\/\/wp-content\/uploads\/2021\/01\/portfolio_78923-e1610710627752.png\" alt=\"TR\u00c0MITS EN ORGANISMES P\u00daBLICS I PRIVATS\">\n\t\t\t\t\t\t\t\t\t\t\t<\/span>\n\t\t\t\t<\/div>\n\t\t\t\n\t\t\t\t\t\t\t\t\n\t\t\t<div class=\"bdt-advanced-icon-box-content\">\n\t\t\t\t\n\t\t\t\t\t\t\t\t\t\n\t\t\t\t<h3 class=\"bdt-advanced-icon-box-title\">\n\t\t\t\t<span >\n\t\t\t\t\tTR\u00c0MITS EN ORGANISMES P\u00daBLICS I PRIVATS\t\t\t\t<\/span>\n\t\t\t<\/h3>\n\t\t\n\n\t\t\n\t\t\t\t\t\t\n\t\t\t\t\t\t\t\t\n\t\t\t\t\t\t\t\t\t<div class=\"bdt-title-separator-wrapper\">\n\t\t\t\t\t\t<div class=\"bdt-title-separator\"><\/div>\n\t\t\t\t\t<\/div>\n\t\t\t\t\n\t\t\t\t\n\t\t\t\t\n\t\t\t\t\t\t\t\t\t<a class=\"bdt-advanced-icon-box-readmore bdt-display-inline-block\" href=\"#\">\n\t\t\t\t\t\t\t\t\t\t\t\t\n\t\t\t\t\t\t\t\t\t\t\t<\/a>\n\t\t\t\t\t\t\t<\/div>\n\t\t<\/div>\n\n\t\t\n\t\t\n\t\t\t\t<\/div>\n\t\t\t\t<\/div>\n\t\t\t\t\t<\/div>\n\t\t<\/div>\n\t\t\t\t\t\t\t<\/div>\n\t\t<\/section>\n\t\t\t\t\t\t\t<\/div>\n\t\t","protected":false},"excerpt":{"rendered":"<p>SERVEIS JUR\u00cdDICS DRET CIVIL ASSESSORAMENT EN GENERAL PROCEDIMENTS JUDICIALS I RECLAMACIONS EXTRAJUDICIALS:\u00a0 Indemnitzacions\u00a0 Judicis monitoris\u00a0 Judicis verbals Judicis ordinaris Judicis especials\u00a0 Judicis [&hellip;]<\/p>\n","protected":false},"author":2,"featured_media":0,"parent":0,"menu_order":0,"comment_status":"closed","ping_status":"closed","template":"","meta":{"footnotes":""},"class_list":["post-46","page","type-page","status-publish","hentry"],"_links":{"self":[{"href":"https:\/\/ijadvocada.com\/ca\/wp-json\/wp\/v2\/pages\/46","targetHints":{"allow":["GET"]}}],"collection":[{"href":"https:\/\/ijadvocada.com\/ca\/wp-json\/wp\/v2\/pages"}],"about":[{"href":"https:\/\/ijadvocada.com\/ca\/wp-json\/wp\/v2\/types\/page"}],"author":[{"embeddable":true,"href":"https:\/\/ijadvocada.com\/ca\/wp-json\/wp\/v2\/users\/2"}],"replies":[{"embeddable":true,"href":"https:\/\/ijadvocada.com\/ca\/wp-json\/wp\/v2\/comments?post=46"}],"version-history":[{"count":76,"href":"https:\/\/ijadvocada.com\/ca\/wp-json\/wp\/v2\/pages\/46\/revisions"}],"predecessor-version":[{"id":538,"href":"https:\/\/ijadvocada.com\/ca\/wp-json\/wp\/v2\/pages\/46\/revisions\/538"}],"wp:attachment":[{"href":"https:\/\/ijadvocada.com\/ca\/wp-json\/wp\/v2\/media?parent=46"}],"curies":[{"name":"wp","href":"https:\/\/api.w.org\/{rel}","templated":true}]}}